{"id":3967,"date":"2025-07-22T10:43:36","date_gmt":"2025-07-22T08:43:36","guid":{"rendered":"https:\/\/4ey.valueservice.cloud\/sedes\/"},"modified":"2026-03-27T17:19:54","modified_gmt":"2026-03-27T16:19:54","slug":"sedes","status":"publish","type":"page","link":"https:\/\/4ey.valueservice.cloud\/es\/sedes\/","title":{"rendered":"Sedes"},"content":{"rendered":"\n\n\t<section class=\"section page-top-banner\" id=\"section_1784621459\">\n\t\t<div class=\"section-bg fill\" >\n\t\t\t<img loading=\"lazy\" decoding=\"async\" width=\"1680\" height=\"348\" src=\"https:\/\/4ey.valueservice.cloud\/wp-content\/uploads\/2025\/07\/business-scaled-1.png\" class=\"bg attachment-original size-original\" alt=\"business scaled\" \/>\t\t\t\t\t\t<div class=\"section-bg-overlay absolute fill\"><\/div>\n\t\t\t\n\n\t\t<\/div>\n\n\t\t\n\n\t\t<div class=\"section-content relative\">\n\t\t\t\n\n<div class=\"row align-middle\"  id=\"row-1735941847\">\n\n\n\t<div id=\"col-1440114307\" class=\"col medium-12 small-12 large-12\"  data-animate=\"fadeInLeft\">\n\t\t\t\t<div class=\"col-inner\"  >\n\t\t\t\n\t\t\t\n\n\t<div id=\"text-1609639326\" class=\"text\">\n\t\t\n\n<p><em><strong>\u00abMiles, millones de individuos trabajan, producen y ahorran a pesar de todo lo que nosotros podamos inventar para molestarlos, entorpecerlos o desanimarlos. Es la vocaci\u00f3n natural lo que los impulsa, y no solo la sed de ganancia.\u00bb <\/strong><\/em><br><br><em><strong>\u00abEl gusto, el orgullo de ver la propia empresa prosperar, ganar cr\u00e9dito, inspirar confianza a una clientela cada vez m\u00e1s amplia y ampliar las instalaciones, constituyen un resorte de progreso tan potente como la ganancia.\u00bb <\/strong><\/em><br><br><em><strong>\u00abSi as\u00ed no fuera, no se explicar\u00eda c\u00f3mo hay empresarios que prodigan todas sus energ\u00edas en su propia empresa e invierten todos sus capitales para obtener, a menudo, beneficios mucho m\u00e1s modestos de los que podr\u00edan conseguir con seguridad y comodidad mediante otras inversiones.\u00bb <\/strong><\/em><br><br><\/p>\n<p><strong>Luigi Einaudi ( Presidente de la Repubblica Italiana desde 1948 hasta 1955 )<\/strong><\/p>\n\t\t\n<style>\n#text-1609639326 {\n  color: rgb(255,255,255);\n}\n#text-1609639326 > * {\n  color: rgb(255,255,255);\n}\n<\/style>\n\t<\/div>\n\t\n\n\t\t<\/div>\n\t\t\t\t\t<\/div>\n\n\t\n\n<\/div>\n\n\t\t<\/div>\n\n\t\t\n<style>\n#section_1784621459 {\n  padding-top: 30px;\n  padding-bottom: 30px;\n  min-height: 45vh;\n  background-color: rgb(255, 255, 255);\n}\n#section_1784621459 .section-bg-overlay {\n  background-color: rgba(0,0,0,.5);\n}\n@media (min-width:550px) {\n  #section_1784621459 {\n    padding-top: 50px;\n    padding-bottom: 50px;\n  }\n}\n<\/style>\n\t<\/section>\n\t\n\n\t<section class=\"section\" id=\"section_8066010\">\n\t\t<div class=\"section-bg fill\" >\n\t\t\t\t\t\t\t\t\t\n\t\t\t\n\n\t\t<\/div>\n\n\t\t\n\n\t\t<div class=\"section-content relative\">\n\t\t\t\n\n<div class=\"row location-main-row\"  id=\"row-1359521731\">\n\n\n\t<div id=\"col-2018003732\" class=\"col medium-4 small-12 large-3\"  data-animate=\"fadeInUp\">\n\t\t\t\t<div class=\"col-inner\"  >\n\t\t\t\n\t\t\t\n\n\t<div class=\"img has-hover rounded-img x md-x lg-x y md-y lg-y\" id=\"image_636671301\">\n\t\t\t\t\t\t\t\t<div class=\"img-inner image-cover dark\" style=\"padding-top:100%;\">\n\t\t\t<img loading=\"lazy\" decoding=\"async\" width=\"299\" height=\"258\" src=\"https:\/\/4ey.valueservice.cloud\/wp-content\/uploads\/2025\/07\/Italia.png\" class=\"attachment-original size-original\" alt=\"Italia\" \/>\t\t\t\t\t\t\n\t\t\t\t\t<\/div>\n\t\t\t\t\t\t\t\t\n<style>\n#image_636671301 {\n  width: 100%;\n}\n<\/style>\n\t<\/div>\n\t\n\n\n\t\t<div class=\"icon-box featured-box country-name icon-box-left text-left\"  >\n\t\t\t\t\t<div class=\"icon-box-img\" style=\"width: 22px\">\n\t\t\t\t<div class=\"icon\">\n\t\t\t\t\t<div class=\"icon-inner\" >\n\t\t\t\t\t\t<img loading=\"lazy\" decoding=\"async\" width=\"300\" height=\"225\" src=\"https:\/\/4ey.valueservice.cloud\/wp-content\/uploads\/2025\/09\/it-300x225.png\" class=\"attachment-medium size-medium\" alt=\"\" srcset=\"https:\/\/4ey.valueservice.cloud\/wp-content\/uploads\/2025\/09\/it-300x225.png 300w, https:\/\/4ey.valueservice.cloud\/wp-content\/uploads\/2025\/09\/it.png 640w\" sizes=\"auto, (max-width: 300px) 100vw, 300px\" \/>\t\t\t\t\t<\/div>\n\t\t\t\t<\/div>\n\t\t\t<\/div>\n\t\t\t\t<div class=\"icon-box-text last-reset\">\n\t\t\t\t\t\t\t\t\t\n\n\t<div id=\"text-2224028907\" class=\"text heading-md font-bold\">\n\t\t\n\n<p>Italia<\/p>\n\t\t\t<\/div>\n\t\n\n\t\t<\/div>\n\t<\/div>\n\t\n\t\n<p class=\"highlight-label\">Italian Headquarter<\/p>\n\t<div id=\"text-283393676\" class=\"text font-normal\">\n\t\t\n\n<p class=\"mb-none\">Via del Bosco Rinnovato 6, Building U7, 20057 Assago, Milano, Italia<\/p>\n\t\t\t<\/div>\n\t\n<a href=\"tel:+390282951815\" target=\"_blank\" class=\"button primary is-link lowercase\" rel=\"noopener\"  >\n\t\t<span>Tel: +39 02 829 51 815<\/span>\n\t<\/a>\n\n\n<a href=\"mailto:4eym@4eym.com\" target=\"_blank\" class=\"button primary is-link lowercase\" rel=\"noopener\"  >\n\t\t<span>Mail: 4eym@4eym.com<\/span>\n\t<\/a>\n\n\n\n\t\t<\/div>\n\t\t\t\t\t<\/div>\n\n\t\n\n\t<div id=\"col-1623045351\" class=\"col medium-4 small-12 large-3\"  data-animate=\"fadeInDown\">\n\t\t\t\t<div class=\"col-inner\"  >\n\t\t\t\n\t\t\t\n\n\t<div class=\"img has-hover rounded-img x md-x lg-x y md-y lg-y\" id=\"image_1792075052\">\n\t\t\t\t\t\t\t\t<div class=\"img-inner image-cover dark\" style=\"padding-top:100%;\">\n\t\t\t<img loading=\"lazy\" decoding=\"async\" width=\"456\" height=\"457\" src=\"https:\/\/4ey.valueservice.cloud\/wp-content\/uploads\/2025\/12\/Screenshot-2025-12-26-203937.png\" class=\"attachment-original size-original\" alt=\"\" srcset=\"https:\/\/4ey.valueservice.cloud\/wp-content\/uploads\/2025\/12\/Screenshot-2025-12-26-203937.png 456w, https:\/\/4ey.valueservice.cloud\/wp-content\/uploads\/2025\/12\/Screenshot-2025-12-26-203937-300x300.png 300w, https:\/\/4ey.valueservice.cloud\/wp-content\/uploads\/2025\/12\/Screenshot-2025-12-26-203937-150x150.png 150w\" sizes=\"auto, (max-width: 456px) 100vw, 456px\" \/>\t\t\t\t\t\t\n\t\t\t\t\t<\/div>\n\t\t\t\t\t\t\t\t\n<style>\n#image_1792075052 {\n  width: 100%;\n}\n<\/style>\n\t<\/div>\n\t\n\n\n\t\t<div class=\"icon-box featured-box country-name icon-box-left text-left\"  >\n\t\t\t\t\t<div class=\"icon-box-img\" style=\"width: 22px\">\n\t\t\t\t<div class=\"icon\">\n\t\t\t\t\t<div class=\"icon-inner\" >\n\t\t\t\t\t\t<img loading=\"lazy\" decoding=\"async\" width=\"300\" height=\"225\" src=\"https:\/\/4ey.valueservice.cloud\/wp-content\/uploads\/2025\/09\/it-300x225.png\" class=\"attachment-medium size-medium\" alt=\"\" srcset=\"https:\/\/4ey.valueservice.cloud\/wp-content\/uploads\/2025\/09\/it-300x225.png 300w, https:\/\/4ey.valueservice.cloud\/wp-content\/uploads\/2025\/09\/it.png 640w\" sizes=\"auto, (max-width: 300px) 100vw, 300px\" \/>\t\t\t\t\t<\/div>\n\t\t\t\t<\/div>\n\t\t\t<\/div>\n\t\t\t\t<div class=\"icon-box-text last-reset\">\n\t\t\t\t\t\t\t\t\t\n\n\t<div id=\"text-1176631672\" class=\"text heading-md font-bold\">\n\t\t\n\n<p>Italia<\/p>\n\t\t\t<\/div>\n\t\n\n\t\t<\/div>\n\t<\/div>\n\t\n\t\n<p class=\"highlight-label\">Centro Log\u00edstico<\/p>\n\t<div id=\"text-1234596657\" class=\"text font-normal\">\n\t\t\n\n<p class=\"mb-none\">loc. Bessiche , 15070 Tagliolo Monferrato AL , Italia <\/p>\n\t\t\t<\/div>\n\t\n<a href=\"tel:+390282951815\" target=\"_blank\" class=\"button primary is-link lowercase\" rel=\"noopener\"  >\n\t\t<span>Tel: +39 02 829 51 815<\/span>\n\t<\/a>\n\n\n<a href=\"mailto:4eym@4eym.com\" target=\"_blank\" class=\"button primary is-link lowercase\" rel=\"noopener\"  >\n\t\t<span>Mail: 4eym@4eym.com<\/span>\n\t<\/a>\n\n\n\n\t\t<\/div>\n\t\t\t\t\t<\/div>\n\n\t\n\n\t<div id=\"col-1381261755\" class=\"col medium-4 small-12 large-3\"  data-animate=\"fadeInUp\">\n\t\t\t\t<div class=\"col-inner\"  >\n\t\t\t\n\t\t\t\n\n\t<div class=\"img has-hover rounded-img x md-x lg-x y md-y lg-y\" id=\"image_919273221\">\n\t\t\t\t\t\t\t\t<div class=\"img-inner image-cover dark\" style=\"padding-top:100%;\">\n\t\t\t<img loading=\"lazy\" decoding=\"async\" width=\"1348\" height=\"900\" src=\"https:\/\/4ey.valueservice.cloud\/wp-content\/uploads\/2025\/12\/image.avif\" class=\"attachment-original size-original\" alt=\"\" \/>\t\t\t\t\t\t\n\t\t\t\t\t<\/div>\n\t\t\t\t\t\t\t\t\n<style>\n#image_919273221 {\n  width: 100%;\n}\n<\/style>\n\t<\/div>\n\t\n\n\n\t\t<div class=\"icon-box featured-box country-name icon-box-left text-left\"  >\n\t\t\t\t\t<div class=\"icon-box-img\" style=\"width: 22px\">\n\t\t\t\t<div class=\"icon\">\n\t\t\t\t\t<div class=\"icon-inner\" >\n\t\t\t\t\t\t<img loading=\"lazy\" decoding=\"async\" width=\"300\" height=\"225\" src=\"https:\/\/4ey.valueservice.cloud\/wp-content\/uploads\/2025\/09\/es-300x225.png\" class=\"attachment-medium size-medium\" alt=\"\" srcset=\"https:\/\/4ey.valueservice.cloud\/wp-content\/uploads\/2025\/09\/es-300x225.png 300w, https:\/\/4ey.valueservice.cloud\/wp-content\/uploads\/2025\/09\/es.png 640w\" sizes=\"auto, (max-width: 300px) 100vw, 300px\" \/>\t\t\t\t\t<\/div>\n\t\t\t\t<\/div>\n\t\t\t<\/div>\n\t\t\t\t<div class=\"icon-box-text last-reset\">\n\t\t\t\t\t\t\t\t\t\n\n\t<div id=\"text-744790564\" class=\"text heading-md font-bold\">\n\t\t\n\n<p>Espa\u00f1a<\/p>\n\t\t\t<\/div>\n\t\n\n\t\t<\/div>\n\t<\/div>\n\t\n\t\n<p class=\"highlight-label\">Sede Espa\u00f1a<\/p>\n\t<div id=\"text-2235723366\" class=\"text font-normal\">\n\t\t\n\n<p class=\"mb-none\">Calle de Jos\u00e9 Abascal 58, 28003, Madrid, Spagna<\/p>\n\t\t\t<\/div>\n\t\n<a href=\"tel:+34669817643\" target=\"_blank\" class=\"button primary is-link lowercase\" rel=\"noopener\"  >\n\t\t<span>Tel: +34 669 81 76 43<\/span>\n\t<\/a>\n\n\n<a href=\"mailto:4eym@4eym.com\" target=\"_blank\" class=\"button primary is-link lowercase\" rel=\"noopener\"  >\n\t\t<span>Mail: 4eym@4eym.com<\/span>\n\t<\/a>\n\n\n\n\t\t<\/div>\n\t\t\t\t\t<\/div>\n\n\t\n\n\t<div id=\"col-1819236770\" class=\"col medium-4 small-12 large-3\"  data-animate=\"fadeInDown\">\n\t\t\t\t<div class=\"col-inner\"  >\n\t\t\t\n\t\t\t\n\n\t<div class=\"img has-hover rounded-img x md-x lg-x y md-y lg-y\" id=\"image_1407367499\">\n\t\t\t\t\t\t\t\t<div class=\"img-inner image-cover dark\" style=\"padding-top:100%;\">\n\t\t\t<img loading=\"lazy\" decoding=\"async\" width=\"299\" height=\"258\" src=\"https:\/\/4ey.valueservice.cloud\/wp-content\/uploads\/2025\/07\/Spagna.png\" class=\"attachment-original size-original\" alt=\"Espa\u00f1a\" \/>\t\t\t\t\t\t\n\t\t\t\t\t<\/div>\n\t\t\t\t\t\t\t\t\n<style>\n#image_1407367499 {\n  width: 100%;\n}\n<\/style>\n\t<\/div>\n\t\n\n\n\t\t<div class=\"icon-box featured-box country-name icon-box-left text-left\"  >\n\t\t\t\t\t<div class=\"icon-box-img\" style=\"width: 22px\">\n\t\t\t\t<div class=\"icon\">\n\t\t\t\t\t<div class=\"icon-inner\" >\n\t\t\t\t\t\t<img loading=\"lazy\" decoding=\"async\" width=\"300\" height=\"225\" src=\"https:\/\/4ey.valueservice.cloud\/wp-content\/uploads\/2025\/09\/es-300x225.png\" class=\"attachment-medium size-medium\" alt=\"\" srcset=\"https:\/\/4ey.valueservice.cloud\/wp-content\/uploads\/2025\/09\/es-300x225.png 300w, https:\/\/4ey.valueservice.cloud\/wp-content\/uploads\/2025\/09\/es.png 640w\" sizes=\"auto, (max-width: 300px) 100vw, 300px\" \/>\t\t\t\t\t<\/div>\n\t\t\t\t<\/div>\n\t\t\t<\/div>\n\t\t\t\t<div class=\"icon-box-text last-reset\">\n\t\t\t\t\t\t\t\t\t\n\n\t<div id=\"text-1309044012\" class=\"text heading-md font-bold\">\n\t\t\n\n<p>Espa\u00f1a<\/p>\n\t\t\t<\/div>\n\t\n\n\t\t<\/div>\n\t<\/div>\n\t\n\t\n<p class=\"highlight-label\">Centro Log\u00edstico<\/p>\n\t<div id=\"text-570613020\" class=\"text font-normal\">\n\t\t\n\n<p class=\"mb-none\">Calle de Jos\u00e9 Abascal 58, 28003, Madrid, Spagna<\/p>\n\t\t\t<\/div>\n\t\n<a href=\"tel:+34669817643\" target=\"_blank\" class=\"button primary is-link lowercase\" rel=\"noopener\"  >\n\t\t<span>Tel: +34 669 81 76 43<\/span>\n\t<\/a>\n\n\n<a href=\"mailto:4eym@4eym.com\" target=\"_blank\" class=\"button primary is-link lowercase\" rel=\"noopener\"  >\n\t\t<span>Mail: 4eym@4eym.com<\/span>\n\t<\/a>\n\n\n\n\t\t<\/div>\n\t\t\t\t\t<\/div>\n\n\t\n\n\t<div id=\"col-426853434\" class=\"col medium-4 small-12 large-3\"  data-animate=\"fadeInUp\">\n\t\t\t\t<div class=\"col-inner\"  >\n\t\t\t\n\t\t\t\n\n\t<div class=\"img has-hover rounded-img x md-x lg-x y md-y lg-y\" id=\"image_928930753\">\n\t\t\t\t\t\t\t\t<div class=\"img-inner image-cover dark\" style=\"padding-top:85%;\">\n\t\t\t<img loading=\"lazy\" decoding=\"async\" width=\"800\" height=\"533\" src=\"https:\/\/4ey.valueservice.cloud\/wp-content\/uploads\/2025\/11\/MC3243-8464-HR-Copy.jpg\" class=\"attachment-original size-original\" alt=\"\" srcset=\"https:\/\/4ey.valueservice.cloud\/wp-content\/uploads\/2025\/11\/MC3243-8464-HR-Copy.jpg 800w, https:\/\/4ey.valueservice.cloud\/wp-content\/uploads\/2025\/11\/MC3243-8464-HR-Copy-300x200.jpg 300w, https:\/\/4ey.valueservice.cloud\/wp-content\/uploads\/2025\/11\/MC3243-8464-HR-Copy-768x512.jpg 768w\" sizes=\"auto, (max-width: 800px) 100vw, 800px\" \/>\t\t\t\t\t\t\n\t\t\t\t\t<\/div>\n\t\t\t\t\t\t\t\t\n<style>\n#image_928930753 {\n  width: 100%;\n}\n<\/style>\n\t<\/div>\n\t\n\n\n\t\t<div class=\"icon-box featured-box country-name icon-box-left text-left\"  >\n\t\t\t\t\t<div class=\"icon-box-img\" style=\"width: 22px\">\n\t\t\t\t<div class=\"icon\">\n\t\t\t\t\t<div class=\"icon-inner\" >\n\t\t\t\t\t\t<img loading=\"lazy\" decoding=\"async\" width=\"300\" height=\"225\" src=\"https:\/\/4ey.valueservice.cloud\/wp-content\/uploads\/2025\/09\/gb-300x225.png\" class=\"attachment-medium size-medium\" alt=\"\" srcset=\"https:\/\/4ey.valueservice.cloud\/wp-content\/uploads\/2025\/09\/gb-300x225.png 300w, https:\/\/4ey.valueservice.cloud\/wp-content\/uploads\/2025\/09\/gb.png 640w\" sizes=\"auto, (max-width: 300px) 100vw, 300px\" \/>\t\t\t\t\t<\/div>\n\t\t\t\t<\/div>\n\t\t\t<\/div>\n\t\t\t\t<div class=\"icon-box-text last-reset\">\n\t\t\t\t\t\t\t\t\t\n\n\t<div id=\"text-1137579861\" class=\"text heading-md font-bold\">\n\t\t\n\n<p>Reino Unido<\/p>\n\t\t\t<\/div>\n\t\n\n\t\t<\/div>\n\t<\/div>\n\t\n\t\n<p class=\"highlight-label\">Uk Headquarters. Marketing and Corporate Communication Office <\/p>\n\t<div id=\"text-3063324548\" class=\"text font-normal\">\n\t\t\n\n<p class=\"mb-none\">87 Chancery Lane, WC2A 1ET London, United Kingdom<\/p>\n\t\t\t<\/div>\n\t\n<a href=\"tel:+442036082777\" target=\"_blank\" class=\"button primary is-link lowercase\" rel=\"noopener\"  >\n\t\t<span>Tel: +44 20 3608 2777<\/span>\n\t<\/a>\n\n\n<a href=\"mailto:4eym@4eym.com\" target=\"_blank\" class=\"button primary is-link lowercase\" rel=\"noopener\"  >\n\t\t<span>Mail: 4eym@4eym.com<\/span>\n\t<\/a>\n\n\n\n\t\t<\/div>\n\t\t\t\t\t<\/div>\n\n\t\n\n\t<div id=\"col-2096367647\" class=\"col medium-4 small-12 large-3\"  data-animate=\"fadeInDown\">\n\t\t\t\t<div class=\"col-inner\"  >\n\t\t\t\n\t\t\t\n\n\t<div class=\"img has-hover rounded-img x md-x lg-x y md-y lg-y\" id=\"image_1405877995\">\n\t\t\t\t\t\t\t\t<div class=\"img-inner image-cover dark\" style=\"padding-top:86%;\">\n\t\t\t<img loading=\"lazy\" decoding=\"async\" width=\"1000\" height=\"667\" src=\"https:\/\/4ey.valueservice.cloud\/wp-content\/uploads\/2025\/11\/4985_1.webp\" class=\"attachment-original size-original\" alt=\"\" srcset=\"https:\/\/4ey.valueservice.cloud\/wp-content\/uploads\/2025\/11\/4985_1.webp 1000w, https:\/\/4ey.valueservice.cloud\/wp-content\/uploads\/2025\/11\/4985_1-300x200.webp 300w, https:\/\/4ey.valueservice.cloud\/wp-content\/uploads\/2025\/11\/4985_1-768x512.webp 768w\" sizes=\"auto, (max-width: 1000px) 100vw, 1000px\" \/>\t\t\t\t\t\t\n\t\t\t\t\t<\/div>\n\t\t\t\t\t\t\t\t\n<style>\n#image_1405877995 {\n  width: 100%;\n}\n<\/style>\n\t<\/div>\n\t\n\n\n\t\t<div class=\"icon-box featured-box country-name icon-box-left text-left\"  >\n\t\t\t\t\t<div class=\"icon-box-img\" style=\"width: 22px\">\n\t\t\t\t<div class=\"icon\">\n\t\t\t\t\t<div class=\"icon-inner\" >\n\t\t\t\t\t\t<img loading=\"lazy\" decoding=\"async\" width=\"300\" height=\"225\" src=\"https:\/\/4ey.valueservice.cloud\/wp-content\/uploads\/2025\/09\/pt-300x225.png\" class=\"attachment-medium size-medium\" alt=\"\" srcset=\"https:\/\/4ey.valueservice.cloud\/wp-content\/uploads\/2025\/09\/pt-300x225.png 300w, https:\/\/4ey.valueservice.cloud\/wp-content\/uploads\/2025\/09\/pt.png 640w\" sizes=\"auto, (max-width: 300px) 100vw, 300px\" \/>\t\t\t\t\t<\/div>\n\t\t\t\t<\/div>\n\t\t\t<\/div>\n\t\t\t\t<div class=\"icon-box-text last-reset\">\n\t\t\t\t\t\t\t\t\t\n\n\t<div id=\"text-7563782\" class=\"text heading-md font-bold\">\n\t\t\n\n<p>Portugal<\/p>\n\t\t\t<\/div>\n\t\n\n\t\t<\/div>\n\t<\/div>\n\t\n\t\n<p class=\"highlight-label\">Portuguese Headquarters. Staff education center <\/p>\n\t<div id=\"text-2083489098\" class=\"text font-normal\">\n\t\t\n\n<p class=\"mb-none\">Pra\u00e7a Marqu\u00eas de Pombal 14, Lisbon 1250-162, Portugal<\/p>\n\t\t\t<\/div>\n\t\n<a href=\"tel:+442036082777\" target=\"_blank\" class=\"button primary is-link lowercase\" rel=\"noopener\"  >\n\t\t<span>Tel: +44 20 3608 2777<\/span>\n\t<\/a>\n\n\n<a href=\"mailto:4eym@4eym.com\" target=\"_blank\" class=\"button primary is-link lowercase\" rel=\"noopener\"  >\n\t\t<span>Mail: 4eym@4eym.com<\/span>\n\t<\/a>\n\n\n\n\t\t<\/div>\n\t\t\t\t\t<\/div>\n\n\t\n\n\t<div id=\"col-1120557339\" class=\"col medium-4 small-12 large-3\"  data-animate=\"fadeInUp\">\n\t\t\t\t<div class=\"col-inner\"  >\n\t\t\t\n\t\t\t\n\n\t<div class=\"img has-hover rounded-img x md-x lg-x y md-y lg-y\" id=\"image_693544725\">\n\t\t\t\t\t\t\t\t<div class=\"img-inner image-cover dark\" style=\"padding-top:86%;\">\n\t\t\t<img loading=\"lazy\" decoding=\"async\" width=\"1280\" height=\"853\" src=\"https:\/\/4ey.valueservice.cloud\/wp-content\/uploads\/2025\/11\/rotterdam-westplein-12-14-3016bmVUxF.jpg\" class=\"attachment-original size-original\" alt=\"\" srcset=\"https:\/\/4ey.valueservice.cloud\/wp-content\/uploads\/2025\/11\/rotterdam-westplein-12-14-3016bmVUxF.jpg 1280w, https:\/\/4ey.valueservice.cloud\/wp-content\/uploads\/2025\/11\/rotterdam-westplein-12-14-3016bmVUxF-300x200.jpg 300w, https:\/\/4ey.valueservice.cloud\/wp-content\/uploads\/2025\/11\/rotterdam-westplein-12-14-3016bmVUxF-1024x682.jpg 1024w, https:\/\/4ey.valueservice.cloud\/wp-content\/uploads\/2025\/11\/rotterdam-westplein-12-14-3016bmVUxF-768x512.jpg 768w\" sizes=\"auto, (max-width: 1280px) 100vw, 1280px\" \/>\t\t\t\t\t\t\n\t\t\t\t\t<\/div>\n\t\t\t\t\t\t\t\t\n<style>\n#image_693544725 {\n  width: 100%;\n}\n<\/style>\n\t<\/div>\n\t\n\n\n\t\t<div class=\"icon-box featured-box country-name icon-box-left text-left\"  >\n\t\t\t\t\t<div class=\"icon-box-img\" style=\"width: 22px\">\n\t\t\t\t<div class=\"icon\">\n\t\t\t\t\t<div class=\"icon-inner\" >\n\t\t\t\t\t\t<img loading=\"lazy\" decoding=\"async\" width=\"300\" height=\"225\" src=\"https:\/\/4ey.valueservice.cloud\/wp-content\/uploads\/2025\/09\/nl-300x225.png\" class=\"attachment-medium size-medium\" alt=\"\" srcset=\"https:\/\/4ey.valueservice.cloud\/wp-content\/uploads\/2025\/09\/nl-300x225.png 300w, https:\/\/4ey.valueservice.cloud\/wp-content\/uploads\/2025\/09\/nl.png 640w\" sizes=\"auto, (max-width: 300px) 100vw, 300px\" \/>\t\t\t\t\t<\/div>\n\t\t\t\t<\/div>\n\t\t\t<\/div>\n\t\t\t\t<div class=\"icon-box-text last-reset\">\n\t\t\t\t\t\t\t\t\t\n\n\t<div id=\"text-3339046157\" class=\"text heading-md font-bold\">\n\t\t\n\n<p>Holanda<\/p>\n\t\t\t<\/div>\n\t\n\n\t\t<\/div>\n\t<\/div>\n\t\n\t\n<p class=\"highlight-label\">Dutch Holding Headquarters. European Financial Office <\/p>\n\t<div id=\"text-947556424\" class=\"text font-normal\">\n\t\t\n\n<p class=\"mb-none\">Westplein 12, 3016BM, Rotterdam, Netherlands<\/p>\n\t\t\t<\/div>\n\t\n<a href=\"tel:+31018081546\" target=\"_blank\" class=\"button primary is-link lowercase\" rel=\"noopener\"  >\n\t\t<span>Tel: +31 01 8081 546<\/span>\n\t<\/a>\n\n\n<a href=\"mailto:4eym@4eym.com\" target=\"_blank\" class=\"button primary is-link lowercase\" rel=\"noopener\"  >\n\t\t<span>Mail: 4eym@4eym.com<\/span>\n\t<\/a>\n\n\n\n\t\t<\/div>\n\t\t\t\t\t<\/div>\n\n\t\n\n\t<div id=\"col-1958945020\" class=\"col medium-4 small-12 large-3\"  data-animate=\"fadeInDown\">\n\t\t\t\t<div class=\"col-inner\"  >\n\t\t\t\n\t\t\t\n\n\t<div class=\"img has-hover rounded-img x md-x lg-x y md-y lg-y\" id=\"image_1609705826\">\n\t\t\t\t\t\t\t\t<div class=\"img-inner dark\" >\n\t\t\t<img loading=\"lazy\" decoding=\"async\" width=\"299\" height=\"258\" src=\"https:\/\/4ey.valueservice.cloud\/wp-content\/uploads\/2025\/07\/francia.png\" class=\"attachment-original size-original\" alt=\"Francia\" \/>\t\t\t\t\t\t\n\t\t\t\t\t<\/div>\n\t\t\t\t\t\t\t\t\n<style>\n#image_1609705826 {\n  width: 100%;\n}\n<\/style>\n\t<\/div>\n\t\n\n\n\t\t<div class=\"icon-box featured-box country-name icon-box-left text-left\"  >\n\t\t\t\t\t<div class=\"icon-box-img\" style=\"width: 22px\">\n\t\t\t\t<div class=\"icon\">\n\t\t\t\t\t<div class=\"icon-inner\" >\n\t\t\t\t\t\t<img loading=\"lazy\" decoding=\"async\" width=\"300\" height=\"225\" src=\"https:\/\/4ey.valueservice.cloud\/wp-content\/uploads\/2025\/09\/fr-300x225.png\" class=\"attachment-medium size-medium\" alt=\"\" srcset=\"https:\/\/4ey.valueservice.cloud\/wp-content\/uploads\/2025\/09\/fr-300x225.png 300w, https:\/\/4ey.valueservice.cloud\/wp-content\/uploads\/2025\/09\/fr.png 640w\" sizes=\"auto, (max-width: 300px) 100vw, 300px\" \/>\t\t\t\t\t<\/div>\n\t\t\t\t<\/div>\n\t\t\t<\/div>\n\t\t\t\t<div class=\"icon-box-text last-reset\">\n\t\t\t\t\t\t\t\t\t\n\n\t<div id=\"text-4079426277\" class=\"text heading-md font-bold\">\n\t\t\n\n<p>Francia<\/p>\n\t\t\t<\/div>\n\t\n\n\t\t<\/div>\n\t<\/div>\n\t\n\t\n<p class=\"highlight-label\">Centro Log\u00edstico<\/p>\n\t<div id=\"text-726208986\" class=\"text font-normal\">\n\t\t\n\n<p class=\"mb-none\">Lyon, Francia <\/br> Pr\u00f3xima apertura<\/p>\n\t\t\t<\/div>\n\t\n\n\t\t<\/div>\n\t\t\t\t\t<\/div>\n\n\t\n\n<\/div>\n\t<div id=\"gap-1216154468\" class=\"gap-element clearfix\" style=\"display:block; height:auto;\">\n\t\t\n<style>\n#gap-1216154468 {\n  padding-top: 15px;\n}\n@media (min-width:550px) {\n  #gap-1216154468 {\n    padding-top: 25px;\n  }\n}\n@media (min-width:850px) {\n  #gap-1216154468 {\n    padding-top: 30px;\n  }\n}\n<\/style>\n\t<\/div>\n\t\n\n<div class=\"row\"  id=\"row-987382288\">\n\n\n\t<div id=\"col-1173082021\" class=\"col pb-none small-12 large-12\"  >\n\t\t\t\t<div class=\"col-inner\"  >\n\t\t\t\n\t\t\t\n\n\t<div id=\"stack-4170021360\" class=\"stack btn-stack-row stack-row justify-center items-center\">\n\t\t\n\n<a data-animate=\"fadeInLeft\" href=\"https:\/\/4ey.valueservice.cloud\/contattaci\/\" class=\"button primary btn-primary\"  >\n\t\t<span>richiedi preventivo<\/span>\n\t<\/a>\n\n\n<a data-animate=\"fadeInRight\" href=\"https:\/\/4ey.valueservice.cloud\/contattaci\/\" class=\"button primary btn-primary\"  >\n\t\t<span>contacto<\/span>\n\t<\/a>\n\n\n\n\t\t\n<style>\n#stack-4170021360 > * {\n  --stack-gap: 0rem;\n}\n<\/style>\n\t<\/div>\n\t\n\n\t\t<\/div>\n\t\t\t\t\n<style>\n#col-1173082021 > .col-inner {\n  padding: 20px 0px 0px 0px;\n}\n@media (min-width:850px) {\n  #col-1173082021 > .col-inner {\n    padding: 32px 0px 0px 0px;\n  }\n}\n<\/style>\n\t<\/div>\n\n\t\n\n<\/div>\n\n\t\t<\/div>\n\n\t\t\n<style>\n#section_8066010 {\n  padding-top: 40px;\n  padding-bottom: 40px;\n}\n@media (min-width:550px) {\n  #section_8066010 {\n    padding-top: 50px;\n    padding-bottom: 50px;\n  }\n}\n@media (min-width:850px) {\n  #section_8066010 {\n    padding-top: 74px;\n    padding-bottom: 74px;\n  }\n}\n<\/style>\n\t<\/section>\n\t\n\n\t<section class=\"section footer-sec-wrapper custom-footer\" id=\"section_752907161\">\n\t\t<div class=\"section-bg fill\" >\n\t\t\t\t\t\t\t\t\t\n\t\t\t\n\n\t\t<\/div>\n\n\t\t\n\n\t\t<div class=\"section-content relative\">\n\t\t\t\n\n<div class=\"row row-collapse\"  id=\"row-628505860\">\n\n\n\t<div id=\"col-1603063520\" class=\"col small-12 large-12\"  >\n\t\t\t\t<div class=\"col-inner\"  >\n\t\t\t\n\t\t\t\n\n\t<div id=\"stack-3339177609\" class=\"stack footer-social-icon stack-row justify-center items-center\">\n\t\t\n\n\t<div class=\"img has-hover img-w-auto x md-x lg-x y md-y lg-y\" id=\"image_2097146363\">\n\t\t<a class=\"\" href=\"\/\" target=\"_blank\" rel=\"noopener\" >\t\t\t\t\t\t<div class=\"img-inner dark\" >\n\t\t\t<img decoding=\"async\" src=\"https:\/\/4ey.valueservice.cloud\/wp-content\/uploads\/2025\/04\/youtube.svg\" class=\"attachment-original size-original\" alt=\"Youtube\" \/>\t\t\t\t\t\t\n\t\t\t\t\t<\/div>\n\t\t\t\t\t\t<\/a>\t\t\n<style>\n#image_2097146363 {\n  width: 100%;\n}\n<\/style>\n\t<\/div>\n\t\n\n\t<div class=\"img has-hover img-w-auto x md-x lg-x y md-y lg-y\" id=\"image_875780834\">\n\t\t<a class=\"\" href=\"\/\" target=\"_blank\" rel=\"noopener\" >\t\t\t\t\t\t<div class=\"img-inner dark\" >\n\t\t\t<img decoding=\"async\" src=\"https:\/\/4ey.valueservice.cloud\/wp-content\/uploads\/2025\/04\/linkedin.svg\" class=\"attachment-original size-original\" alt=\"Linkedin\" \/>\t\t\t\t\t\t\n\t\t\t\t\t<\/div>\n\t\t\t\t\t\t<\/a>\t\t\n<style>\n#image_875780834 {\n  width: 100%;\n}\n<\/style>\n\t<\/div>\n\t\n\n\n\t\t\n<style>\n#stack-3339177609 > * {\n  --stack-gap: 0.7rem;\n}\n<\/style>\n\t<\/div>\n\t\n\n\t\t<\/div>\n\t\t\t\t\n<style>\n#col-1603063520 > .col-inner {\n  padding: 0px 15px 0px 15px;\n}\n<\/style>\n\t<\/div>\n\n\t\n\n<\/div>\n\t<div id=\"gap-62796084\" class=\"gap-element clearfix hide-for-medium\" style=\"display:block; height:auto;\">\n\t\t\n<style>\n#gap-62796084 {\n  padding-top: 17px;\n}\n<\/style>\n\t<\/div>\n\t\n\n\t<div id=\"text-1007367767\" class=\"text absolute-footer dark medium-text-center text-center\">\n\t\t\n\n<p>\u00a92026 4EYM Group &#8211; Todos los derechos Reservados &#8211; NIF B75609826<\/p>\n\t\t\n<style>\n#text-1007367767 {\n  text-align: center;\n  color: rgb(123, 139, 162);\n}\n#text-1007367767 > * {\n  color: rgb(123, 139, 162);\n}\n<\/style>\n\t<\/div>\n\t\n\n\t\t<\/div>\n\n\t\t\n<style>\n#section_752907161 {\n  padding-top: 30px;\n  padding-bottom: 30px;\n}\n<\/style>\n\t<\/section>\n\t\n<a href=\"https:\/\/wa.me\/3900000000\" target=\"_blank\" class=\"button white whatsapp-fixed-link\" rel=\"noopener\"  >\n\t\t<span>Chatea con nosotros<\/span>\n\t<\/a>\n\n\n\n","protected":false},"excerpt":{"rendered":"","protected":false},"author":1,"featured_media":0,"parent":0,"menu_order":0,"comment_status":"closed","ping_status":"closed","template":"","meta":{"footnotes":""},"class_list":["post-3967","page","type-page","status-publish","hentry"],"_links":{"self":[{"href":"https:\/\/4ey.valueservice.cloud\/es\/wp-json\/wp\/v2\/pages\/3967","targetHints":{"allow":["GET"]}}],"collection":[{"href":"https:\/\/4ey.valueservice.cloud\/es\/wp-json\/wp\/v2\/pages"}],"about":[{"href":"https:\/\/4ey.valueservice.cloud\/es\/wp-json\/wp\/v2\/types\/page"}],"author":[{"embeddable":true,"href":"https:\/\/4ey.valueservice.cloud\/es\/wp-json\/wp\/v2\/users\/1"}],"replies":[{"embeddable":true,"href":"https:\/\/4ey.valueservice.cloud\/es\/wp-json\/wp\/v2\/comments?post=3967"}],"version-history":[{"count":5,"href":"https:\/\/4ey.valueservice.cloud\/es\/wp-json\/wp\/v2\/pages\/3967\/revisions"}],"predecessor-version":[{"id":3980,"href":"https:\/\/4ey.valueservice.cloud\/es\/wp-json\/wp\/v2\/pages\/3967\/revisions\/3980"}],"wp:attachment":[{"href":"https:\/\/4ey.valueservice.cloud\/es\/wp-json\/wp\/v2\/media?parent=3967"}],"curies":[{"name":"wp","href":"https:\/\/api.w.org\/{rel}","templated":true}]}}